{"id":214,"date":"2023-06-07T16:42:57","date_gmt":"2023-06-07T14:42:57","guid":{"rendered":"https:\/\/z83.twofold.dev\/?page_id=214"},"modified":"2023-08-03T14:07:51","modified_gmt":"2023-08-03T12:07:51","slug":"services","status":"publish","type":"page","link":"https:\/\/z83.twofold.dev\/de\/services\/","title":{"rendered":"Services"},"content":{"rendered":"<div data-elementor-type=\"wp-page\" data-elementor-id=\"214\" class=\"elementor elementor-214\">\n\t\t\t\t\t\t\t<div class=\"elementor-element elementor-element-06476bf e-con-boxed e-flex e-con\" data-id=\"06476bf\" data-element_type=\"container\" data-settings=\"{&quot;content_width&quot;:&quot;boxed&quot;}\">\n\t\t\t\t\t<div class=\"e-con-inner\">\n\t\t<div class=\"elementor-element elementor-element-117c4d0 e-con-full fadeToDown e-flex e-con\" data-id=\"117c4d0\" data-element_type=\"container\" data-settings=\"{&quot;content_width&quot;:&quot;full&quot;}\">\n\t\t\t\t<div class=\"elementor-element elementor-element-d757091 elementor-widget elementor-widget-heading\" data-id=\"d757091\" data-element_type=\"widget\" data-widget_type=\"heading.default\">\n\t\t\t\t<div class=\"elementor-widget-container\">\n\t\t\t<style>\/*! elementor - v3.13.3 - 28-05-2023 *\/\n.elementor-heading-title{padding:0;margin:0;line-height:1}.elementor-widget-heading .elementor-heading-title[class*=elementor-size-]>a{color:inherit;font-size:inherit;line-height:inherit}.elementor-widget-heading .elementor-heading-title.elementor-size-small{font-size:15px}.elementor-widget-heading .elementor-heading-title.elementor-size-medium{font-size:19px}.elementor-widget-heading .elementor-heading-title.elementor-size-large{font-size:29px}.elementor-widget-heading .elementor-heading-title.elementor-size-xl{font-size:39px}.elementor-widget-heading .elementor-heading-title.elementor-size-xxl{font-size:59px}<\/style><h1 class=\"elementor-heading-title elementor-size-default\">Services<\/h1>\t\t<\/div>\n\t\t\t\t<\/div>\n\t\t\t\t<div class=\"elementor-element elementor-element-e34a152 e-transform fadeToDown elementor-view-default elementor-widget elementor-widget-icon\" data-id=\"e34a152\" data-element_type=\"widget\" data-settings=\"{&quot;_transform_translateX_effect&quot;:{&quot;unit&quot;:&quot;%&quot;,&quot;size&quot;:125,&quot;sizes&quot;:[]},&quot;_transform_translateX_effect_laptop&quot;:{&quot;unit&quot;:&quot;%&quot;,&quot;size&quot;:&quot;&quot;,&quot;sizes&quot;:[]},&quot;_transform_translateX_effect_tablet&quot;:{&quot;unit&quot;:&quot;%&quot;,&quot;size&quot;:&quot;&quot;,&quot;sizes&quot;:[]},&quot;_transform_translateX_effect_mobile&quot;:{&quot;unit&quot;:&quot;%&quot;,&quot;size&quot;:0,&quot;sizes&quot;:[]},&quot;_transform_translateY_effect_laptop&quot;:{&quot;unit&quot;:&quot;%&quot;,&quot;size&quot;:&quot;&quot;,&quot;sizes&quot;:[]},&quot;_transform_translateY_effect_tablet&quot;:{&quot;unit&quot;:&quot;%&quot;,&quot;size&quot;:&quot;&quot;,&quot;sizes&quot;:[]},&quot;_transform_translateY_effect_mobile&quot;:{&quot;unit&quot;:&quot;%&quot;,&quot;size&quot;:&quot;&quot;,&quot;sizes&quot;:[]},&quot;_transform_translateY_effect&quot;:{&quot;unit&quot;:&quot;px&quot;,&quot;size&quot;:&quot;&quot;,&quot;sizes&quot;:[]}}\" data-widget_type=\"icon.default\">\n\t\t\t\t<div class=\"elementor-widget-container\">\n\t\t\t\t\t<div class=\"elementor-icon-wrapper\">\n\t\t\t<a class=\"elementor-icon elementor-animation-sink\" href=\"#next-section\">\n\t\t\t<svg xmlns=\"http:\/\/www.w3.org\/2000\/svg\" width=\"112\" height=\"112\" viewbox=\"0 0 112 112\"><g id=\"Gruppe_67\" data-name=\"Gruppe 67\" transform=\"translate(-885.121 -1614)\"><g id=\"Ellipse_2\" data-name=\"Ellipse 2\" transform=\"translate(885.121 1614)\" fill=\"none\" stroke=\"#1f1f1e\" stroke-width=\"2\"><circle cx=\"56\" cy=\"56\" r=\"56\" stroke=\"none\"><\/circle><circle cx=\"56\" cy=\"56\" r=\"55\" fill=\"none\"><\/circle><\/g><g id=\"right-arrow\" transform=\"translate(919.821 1677.439) rotate(-45)\"><g id=\"Gruppe_8\" data-name=\"Gruppe 8\" transform=\"translate(0 0)\"><path id=\"Pfad_3\" data-name=\"Pfad 3\" d=\"M40.008,8.683v0L31.746.46A1.581,1.581,0,0,0,29.515,2.7l5.546,5.519H1.581a1.581,1.581,0,0,0,0,3.162h33.48L29.515,16.9a1.581,1.581,0,0,0,2.231,2.241l8.261-8.221v0A1.582,1.582,0,0,0,40.008,8.683Z\" fill=\"#1f1f1e\"><\/path><\/g><\/g><\/g><\/svg>\t\t\t<\/a>\n\t\t<\/div>\n\t\t\t\t<\/div>\n\t\t\t\t<\/div>\n\t\t\t\t<\/div>\n\t\t\t\t\t<\/div>\n\t\t\t\t<\/div>\n\t\t<div class=\"elementor-element elementor-element-ffc2292 e-con-boxed e-flex e-con\" data-id=\"ffc2292\" data-element_type=\"container\" id=\"next-section\" data-settings=\"{&quot;content_width&quot;:&quot;boxed&quot;}\">\n\t\t\t\t\t<div class=\"e-con-inner\">\n\t\t<div class=\"elementor-element elementor-element-6d486bc e-con-full e-flex e-con\" data-id=\"6d486bc\" data-element_type=\"container\" data-settings=\"{&quot;content_width&quot;:&quot;full&quot;}\">\n\t\t\t\t<div class=\"elementor-element elementor-element-8f5b583 red-heading fadeToDown elementor-widget elementor-widget-text-editor\" data-id=\"8f5b583\" data-element_type=\"widget\" data-widget_type=\"text-editor.default\">\n\t\t\t\t<div class=\"elementor-widget-container\">\n\t\t\t<style>\/*! elementor - v3.13.3 - 28-05-2023 *\/\n.elementor-widget-text-editor.elementor-drop-cap-view-stacked .elementor-drop-cap{background-color:#69727d;color:#fff}.elementor-widget-text-editor.elementor-drop-cap-view-framed .elementor-drop-cap{color:#69727d;border:3px solid;background-color:transparent}.elementor-widget-text-editor:not(.elementor-drop-cap-view-default) .elementor-drop-cap{margin-top:8px}.elementor-widget-text-editor:not(.elementor-drop-cap-view-default) .elementor-drop-cap-letter{width:1em;height:1em}.elementor-widget-text-editor .elementor-drop-cap{float:left;text-align:center;line-height:1;font-size:50px}.elementor-widget-text-editor .elementor-drop-cap-letter{display:inline-block}<\/style>\t\t\t\t<p>Services<\/p>\t\t\t\t\t\t<\/div>\n\t\t\t\t<\/div>\n\t\t\t\t<div class=\"elementor-element elementor-element-053093c fadeToDown elementor-widget elementor-widget-heading\" data-id=\"053093c\" data-element_type=\"widget\" data-widget_type=\"heading.default\">\n\t\t\t\t<div class=\"elementor-widget-container\">\n\t\t\t<h2 class=\"elementor-heading-title elementor-size-default\">Pragmatisch. State-of-the-art. Proaktiv.<\/h2>\t\t<\/div>\n\t\t\t\t<\/div>\n\t\t\t\t<div class=\"elementor-element elementor-element-4c4f202 fadeToDown elementor-widget elementor-widget-text-editor\" data-id=\"4c4f202\" data-element_type=\"widget\" data-widget_type=\"text-editor.default\">\n\t\t\t\t<div class=\"elementor-widget-container\">\n\t\t\t\t\t\t\t<p>Wir arbeiten komplett digital und der Einsatz von Tools wie APIs, Zapier, Make.com, ChatGPT, DocuSing, etc. sind f\u00fcr uns selbstverst\u00e4ndlich. Dank unserer Zusammenarbeit mit Run my Accounts k\u00f6nnen wir unseren Kunden die aktuell beste Accounting-Software der Schweiz anbieten. Unser Ziel: wir wollen unsere Kunden nicht nur reaktiv unterst\u00fctzen, sondern sie und ihr Unternehmen proaktiv beraten und begleiten.<\/p>\t\t\t\t\t\t<\/div>\n\t\t\t\t<\/div>\n\t\t\t\t<\/div>\n\t\t\t\t\t<\/div>\n\t\t\t\t<\/div>\n\t\t<div class=\"elementor-element elementor-element-b669ae7 e-con-boxed e-flex e-con\" data-id=\"b669ae7\" data-element_type=\"container\" data-settings=\"{&quot;content_width&quot;:&quot;boxed&quot;}\">\n\t\t\t\t\t<div class=\"e-con-inner\">\n\t\t<div class=\"elementor-element elementor-element-71fc2d8 e-con-full e-flex e-con\" data-id=\"71fc2d8\" data-element_type=\"container\" data-settings=\"{&quot;content_width&quot;:&quot;full&quot;}\">\n\t\t<div class=\"elementor-element elementor-element-263be60 e-con-full e-flex e-con\" data-id=\"263be60\" data-element_type=\"container\" data-settings=\"{&quot;content_width&quot;:&quot;full&quot;}\">\n\t\t\t\t<div class=\"elementor-element elementor-element-57d5a16 fadeToDown elementor-widget elementor-widget-heading\" data-id=\"57d5a16\" data-element_type=\"widget\" data-widget_type=\"heading.default\">\n\t\t\t\t<div class=\"elementor-widget-container\">\n\t\t\t<h2 class=\"elementor-heading-title elementor-size-default\">Accounting<\/h2>\t\t<\/div>\n\t\t\t\t<\/div>\n\t\t\t\t<div class=\"elementor-element elementor-element-1433f76 textWithLinks fadeToDown elementor-widget elementor-widget-text-editor\" data-id=\"1433f76\" data-element_type=\"widget\" data-widget_type=\"text-editor.default\">\n\t\t\t\t<div class=\"elementor-widget-container\">\n\t\t\t\t\t\t\t<p class=\" translation-block\">Als Treuh\u00e4nder k\u00fcmmern wir uns um s\u00e4mtliche klassischen Themen wie Buchhaltung, Lohnbuchhaltung, MwSt.-Abrechnung, Jahresabschluss, Steuererkl\u00e4rung, etc. Unsere digitalen Prozesse sind dabei explizit auf die Bed\u00fcrfnisse von KMU und Startups ausgerichtet. Dank der engen Zusammenarbeit mit <a href=\"https:\/\/www.runmyaccounts.ch\/online-buchhaltungs-software\/\" target=\"_blank\" rel=\"noopener\">Run my Accounts<\/a> k\u00f6nnen wir unseren Kunden die aktuell beste Accounting-Software der Schweiz anbieten.<\/p><p>\u00a0<\/p><p class=\" translation-block\"><a href=\"https:\/\/www.youtube.com\/watch?v=vQTMjZIgeY4\" target=\"_blank\" rel=\"noopener\">Hier<\/a> eine kurze Tour durch unsere Accounting-Software.<\/p>\t\t\t\t\t\t<\/div>\n\t\t\t\t<\/div>\n\t\t\t\t<\/div>\n\t\t<div class=\"elementor-element elementor-element-f7bd866 e-con-full servicesImage e-flex e-con\" data-id=\"f7bd866\" data-element_type=\"container\" data-settings=\"{&quot;content_width&quot;:&quot;full&quot;}\">\n\t\t\t\t<div class=\"elementor-element elementor-element-52e6270 elementor-widget-mobile__width-inherit fadeToDown elementor-absolute elementor-widget elementor-widget-image\" data-id=\"52e6270\" data-element_type=\"widget\" data-settings=\"{&quot;_position&quot;:&quot;absolute&quot;}\" data-widget_type=\"image.default\">\n\t\t\t\t<div class=\"elementor-widget-container\">\n\t\t\t<style>\/*! elementor - v3.13.3 - 28-05-2023 *\/\n.elementor-widget-image{text-align:center}.elementor-widget-image a{display:inline-block}.elementor-widget-image a img[src$=\".svg\"]{width:48px}.elementor-widget-image img{vertical-align:middle;display:inline-block}<\/style>\t\t\t\t\t\t\t\t\t\t\t\t<img loading=\"lazy\" decoding=\"async\" width=\"640\" height=\"480\" src=\"https:\/\/z83.twofold.dev\/wp-content\/uploads\/2023\/08\/runmyaccounts2.png\" class=\"attachment-full size-full wp-image-2706\" alt=\"\" srcset=\"https:\/\/z83.twofold.dev\/wp-content\/uploads\/2023\/08\/runmyaccounts2.png 640w, https:\/\/z83.twofold.dev\/wp-content\/uploads\/2023\/08\/runmyaccounts2-300x225.png 300w, https:\/\/z83.twofold.dev\/wp-content\/uploads\/2023\/08\/runmyaccounts2-16x12.png 16w\" sizes=\"auto, (max-width: 640px) 100vw, 640px\" \/>\t\t\t\t\t\t\t\t\t\t\t\t\t\t\t<\/div>\n\t\t\t\t<\/div>\n\t\t\t\t<\/div>\n\t\t\t\t<\/div>\n\t\t\t\t\t<\/div>\n\t\t\t\t<\/div>\n\t\t<div class=\"elementor-element elementor-element-c79311d e-con-boxed e-flex e-con\" data-id=\"c79311d\" data-element_type=\"container\" data-settings=\"{&quot;content_width&quot;:&quot;boxed&quot;}\">\n\t\t\t\t\t<div class=\"e-con-inner\">\n\t\t<div class=\"elementor-element elementor-element-5aea5de e-con-full e-flex e-con\" data-id=\"5aea5de\" data-element_type=\"container\" data-settings=\"{&quot;content_width&quot;:&quot;full&quot;}\">\n\t\t<div class=\"elementor-element elementor-element-75b26f0 e-con-full servicesImage e-flex e-con\" data-id=\"75b26f0\" data-element_type=\"container\" data-settings=\"{&quot;content_width&quot;:&quot;full&quot;}\">\n\t\t\t\t<div class=\"elementor-element elementor-element-0214931 elementor-widget-mobile__width-inherit fadeToDown elementor-absolute elementor-widget elementor-widget-image\" data-id=\"0214931\" data-element_type=\"widget\" data-settings=\"{&quot;_position&quot;:&quot;absolute&quot;}\" data-widget_type=\"image.default\">\n\t\t\t\t<div class=\"elementor-widget-container\">\n\t\t\t\t\t\t\t\t\t\t\t\t\t\t\t<img loading=\"lazy\" decoding=\"async\" width=\"640\" height=\"480\" src=\"https:\/\/z83.twofold.dev\/wp-content\/uploads\/2023\/08\/runmyaccounts.png\" class=\"attachment-full size-full wp-image-2701\" alt=\"\" srcset=\"https:\/\/z83.twofold.dev\/wp-content\/uploads\/2023\/08\/runmyaccounts.png 640w, https:\/\/z83.twofold.dev\/wp-content\/uploads\/2023\/08\/runmyaccounts-300x225.png 300w, https:\/\/z83.twofold.dev\/wp-content\/uploads\/2023\/08\/runmyaccounts-16x12.png 16w\" sizes=\"auto, (max-width: 640px) 100vw, 640px\" \/>\t\t\t\t\t\t\t\t\t\t\t\t\t\t\t<\/div>\n\t\t\t\t<\/div>\n\t\t\t\t<\/div>\n\t\t<div class=\"elementor-element elementor-element-dfe56a8 e-con-full e-flex e-con\" data-id=\"dfe56a8\" data-element_type=\"container\" data-settings=\"{&quot;content_width&quot;:&quot;full&quot;}\">\n\t\t\t\t<div class=\"elementor-element elementor-element-0bbcb51 fadeToDown elementor-widget elementor-widget-heading\" data-id=\"0bbcb51\" data-element_type=\"widget\" data-widget_type=\"heading.default\">\n\t\t\t\t<div class=\"elementor-widget-container\">\n\t\t\t<h2 class=\"elementor-heading-title elementor-size-default\">CFOaaS<\/h2>\t\t<\/div>\n\t\t\t\t<\/div>\n\t\t\t\t<div class=\"elementor-element elementor-element-fb18e65 textWithLinks fadeToDown elementor-widget elementor-widget-text-editor\" data-id=\"fb18e65\" data-element_type=\"widget\" data-widget_type=\"text-editor.default\">\n\t\t\t\t<div class=\"elementor-widget-container\">\n\t\t\t\t\t\t\t<p>Als CFO unterst\u00fctzen wir mit flexibel verf\u00fcgbarer Finanz- &amp; Management-Expertise. Unser hochqualifiziertes Team unterst\u00fctzt unsere Kunden als Co-Pilot bei der Unternehmensf\u00fchrung und bei Themen wie z.B. Optimierung von Prozessen, Budgetierung, Reporting, Umstrukturierungen, Unternehmensbewertungen, Due Diligence, Nachfolgel\u00f6sungen, etc.<\/p>\t\t\t\t\t\t<\/div>\n\t\t\t\t<\/div>\n\t\t\t\t<\/div>\n\t\t\t\t<\/div>\n\t\t\t\t\t<\/div>\n\t\t\t\t<\/div>\n\t\t<div class=\"elementor-element elementor-element-abc8365 e-con-boxed e-flex e-con\" data-id=\"abc8365\" data-element_type=\"container\" data-settings=\"{&quot;content_width&quot;:&quot;boxed&quot;}\">\n\t\t\t\t\t<div class=\"e-con-inner\">\n\t\t<div class=\"elementor-element elementor-element-17b9ecc e-con-full e-flex e-con\" data-id=\"17b9ecc\" data-element_type=\"container\" data-settings=\"{&quot;content_width&quot;:&quot;full&quot;}\">\n\t\t<div class=\"elementor-element elementor-element-1217b55 e-con-full e-flex e-con\" data-id=\"1217b55\" data-element_type=\"container\" data-settings=\"{&quot;content_width&quot;:&quot;full&quot;}\">\n\t\t\t\t<div class=\"elementor-element elementor-element-4cbb269 fadeToDown elementor-widget elementor-widget-heading\" data-id=\"4cbb269\" data-element_type=\"widget\" data-widget_type=\"heading.default\">\n\t\t\t\t<div class=\"elementor-widget-container\">\n\t\t\t<h2 class=\"elementor-heading-title elementor-size-default\">Audits<\/h2>\t\t<\/div>\n\t\t\t\t<\/div>\n\t\t\t\t<div class=\"elementor-element elementor-element-1423f69 textWithLinks fadeToDown elementor-widget elementor-widget-text-editor\" data-id=\"1423f69\" data-element_type=\"widget\" data-widget_type=\"text-editor.default\">\n\t\t\t\t<div class=\"elementor-widget-container\">\n\t\t\t\t\t\t\t<p>Hinsichtlich Finanzen sind Exaktheit und Sorgfalt existentiell. Zusammen mit unserem Partner Accosense AG bieten wir einen effizienten, digitalen Revisionsprozess mit unkomplizierter Zusammenarbeit und Datenaustausch an. Wir unterst\u00fctzen bei eingeschr\u00e4nkten und ordentlichen Revisionen sowie bei Spezialpr\u00fcfungen bei Gr\u00fcndungen, Kapitalerh\u00f6hungen, Liquidationen, etc. Make your audit experience hassle-free!<\/p>\t\t\t\t\t\t<\/div>\n\t\t\t\t<\/div>\n\t\t\t\t<\/div>\n\t\t<div class=\"elementor-element elementor-element-390ee6c e-con-full servicesImage e-flex e-con\" data-id=\"390ee6c\" data-element_type=\"container\" data-settings=\"{&quot;content_width&quot;:&quot;full&quot;}\">\n\t\t\t\t<div class=\"elementor-element elementor-element-b1da393 elementor-widget-mobile__width-inherit fadeToDown elementor-absolute elementor-widget elementor-widget-image\" data-id=\"b1da393\" data-element_type=\"widget\" data-settings=\"{&quot;_position&quot;:&quot;absolute&quot;}\" data-widget_type=\"image.default\">\n\t\t\t\t<div class=\"elementor-widget-container\">\n\t\t\t\t\t\t\t\t\t\t\t\t\t\t\t<img loading=\"lazy\" decoding=\"async\" width=\"640\" height=\"385\" src=\"https:\/\/z83.twofold.dev\/wp-content\/uploads\/2023\/08\/accosense.jpg\" class=\"attachment-full size-full wp-image-2702\" alt=\"\" srcset=\"https:\/\/z83.twofold.dev\/wp-content\/uploads\/2023\/08\/accosense.jpg 640w, https:\/\/z83.twofold.dev\/wp-content\/uploads\/2023\/08\/accosense-300x180.jpg 300w, https:\/\/z83.twofold.dev\/wp-content\/uploads\/2023\/08\/accosense-18x12.jpg 18w\" sizes=\"auto, (max-width: 640px) 100vw, 640px\" \/>\t\t\t\t\t\t\t\t\t\t\t\t\t\t\t<\/div>\n\t\t\t\t<\/div>\n\t\t\t\t<\/div>\n\t\t\t\t<\/div>\n\t\t\t\t\t<\/div>\n\t\t\t\t<\/div>\n\t\t\t\t\t\t\t<\/div>","protected":false},"excerpt":{"rendered":"<p>Services Services Pragmatic. State-of-the-art. Proactive. Our processes are fully digital. APIs, Zapier, Make.com, ChatGPT, Skribble, and the like are woven seamlessly into our operational fabric. Thanks to our close collaboration with Run my Accounts, we can offer you the best accounting software and processes in Switzerland. Our goal: not only to reactively assist but to [&hellip;]<\/p>","protected":false},"author":1,"featured_media":0,"parent":0,"menu_order":0,"comment_status":"closed","ping_status":"closed","template":"","meta":{"footnotes":""},"class_list":["post-214","page","type-page","status-publish","hentry"],"_links":{"self":[{"href":"https:\/\/z83.twofold.dev\/de\/wp-json\/wp\/v2\/pages\/214","targetHints":{"allow":["GET"]}}],"collection":[{"href":"https:\/\/z83.twofold.dev\/de\/wp-json\/wp\/v2\/pages"}],"about":[{"href":"https:\/\/z83.twofold.dev\/de\/wp-json\/wp\/v2\/types\/page"}],"author":[{"embeddable":true,"href":"https:\/\/z83.twofold.dev\/de\/wp-json\/wp\/v2\/users\/1"}],"replies":[{"embeddable":true,"href":"https:\/\/z83.twofold.dev\/de\/wp-json\/wp\/v2\/comments?post=214"}],"version-history":[{"count":235,"href":"https:\/\/z83.twofold.dev\/de\/wp-json\/wp\/v2\/pages\/214\/revisions"}],"predecessor-version":[{"id":2709,"href":"https:\/\/z83.twofold.dev\/de\/wp-json\/wp\/v2\/pages\/214\/revisions\/2709"}],"wp:attachment":[{"href":"https:\/\/z83.twofold.dev\/de\/wp-json\/wp\/v2\/media?parent=214"}],"curies":[{"name":"wp","href":"https:\/\/api.w.org\/{rel}","templated":true}]}}